{"id":2911,"date":"2021-11-22T14:33:34","date_gmt":"2021-11-22T13:33:34","guid":{"rendered":"https:\/\/zum-pleitegeier.de\/como-utilizar-los-widgets-de-gloriafood\/"},"modified":"2021-11-22T14:33:35","modified_gmt":"2021-11-22T13:33:35","slug":"como-utilizar-los-widgets-de-gloriafood","status":"publish","type":"page","link":"https:\/\/zum-pleitegeier.de\/es\/como-utilizar-los-widgets-de-gloriafood\/","title":{"rendered":"C\u00f3mo utilizar los widgets de GloriaFood"},"content":{"rendered":"<h2 class=\"wp-block-heading\">C\u00f3mo utilizar los widgets de GloriaFood<\/h2><h3 class=\"wp-block-heading\">Comencemos agregando el bot\u00f3n de ordenar<\/h3><p><\/p><h3 class=\"wp-block-heading\">Ahora agreguemos un bot\u00f3n de Reserva<\/h3><p><\/p><h3 class=\"wp-block-heading\">Finalmente agreguemos el widget de men\u00fa<\/h3><p><\/p>","protected":false},"excerpt":{"rendered":"<p>C\u00f3mo utilizar los widgets de GloriaFood Comencemos agregando el bot\u00f3n de ordenar Ahora agreguemos un bot\u00f3n de Reserva Finalmente agreguemos el widget de men\u00fa<\/p>\n","protected":false},"author":1,"featured_media":0,"parent":0,"menu_order":0,"comment_status":"closed","ping_status":"closed","template":"","meta":{"footnotes":""},"class_list":["post-2911","page","type-page","status-publish","hentry"],"yoast_head":"<!-- This site is optimized with the Yoast SEO plugin v26.8 - https:\/\/yoast.com\/product\/yoast-seo-wordpress\/ -->\n<title>C\u00f3mo utilizar los widgets de GloriaFood - Zum Pleitegeier<\/title>\n<meta name=\"robots\" content=\"index, follow, max-snippet:-1, max-image-preview:large, max-video-preview:-1\" \/>\n<link rel=\"canonical\" href=\"https:\/\/zum-pleitegeier.de\/es\/como-utilizar-los-widgets-de-gloriafood\/\" \/>\n<meta property=\"og:locale\" content=\"es_ES\" \/>\n<meta property=\"og:type\" content=\"article\" \/>\n<meta property=\"og:title\" content=\"C\u00f3mo utilizar los widgets de GloriaFood - Zum Pleitegeier\" \/>\n<meta property=\"og:description\" content=\"C\u00f3mo utilizar los widgets de GloriaFood Comencemos agregando el bot\u00f3n de ordenar Ahora agreguemos un bot\u00f3n de Reserva Finalmente agreguemos el widget de men\u00fa\" \/>\n<meta property=\"og:url\" content=\"https:\/\/zum-pleitegeier.de\/es\/como-utilizar-los-widgets-de-gloriafood\/\" \/>\n<meta property=\"og:site_name\" content=\"Zum Pleitegeier\" \/>\n<meta property=\"article:publisher\" content=\"https:\/\/www.facebook.com\/pleitegeier.erlangen\/\" \/>\n<meta property=\"article:modified_time\" content=\"2021-11-22T13:33:35+00:00\" \/>\n<meta name=\"twitter:card\" content=\"summary_large_image\" \/>\n<script type=\"application\/ld+json\" class=\"yoast-schema-graph\">{\"@context\":\"https:\/\/schema.org\",\"@graph\":[{\"@type\":\"WebPage\",\"@id\":\"https:\/\/zum-pleitegeier.de\/es\/como-utilizar-los-widgets-de-gloriafood\/\",\"url\":\"https:\/\/zum-pleitegeier.de\/es\/como-utilizar-los-widgets-de-gloriafood\/\",\"name\":\"C\u00f3mo utilizar los widgets de GloriaFood - Zum Pleitegeier\",\"isPartOf\":{\"@id\":\"https:\/\/zum-pleitegeier.de\/es\/#website\"},\"datePublished\":\"2021-11-22T13:33:34+00:00\",\"dateModified\":\"2021-11-22T13:33:35+00:00\",\"breadcrumb\":{\"@id\":\"https:\/\/zum-pleitegeier.de\/es\/como-utilizar-los-widgets-de-gloriafood\/#breadcrumb\"},\"inLanguage\":\"es\",\"potentialAction\":[{\"@type\":\"ReadAction\",\"target\":[\"https:\/\/zum-pleitegeier.de\/es\/como-utilizar-los-widgets-de-gloriafood\/\"]}]},{\"@type\":\"BreadcrumbList\",\"@id\":\"https:\/\/zum-pleitegeier.de\/es\/como-utilizar-los-widgets-de-gloriafood\/#breadcrumb\",\"itemListElement\":[{\"@type\":\"ListItem\",\"position\":1,\"name\":\"Startseite\",\"item\":\"https:\/\/zum-pleitegeier.de\/es\/\"},{\"@type\":\"ListItem\",\"position\":2,\"name\":\"C\u00f3mo utilizar los widgets de GloriaFood\"}]},{\"@type\":\"WebSite\",\"@id\":\"https:\/\/zum-pleitegeier.de\/es\/#website\",\"url\":\"https:\/\/zum-pleitegeier.de\/es\/\",\"name\":\"Zum Pleitegeier\",\"description\":\"\",\"publisher\":{\"@id\":\"https:\/\/zum-pleitegeier.de\/es\/#organization\"},\"potentialAction\":[{\"@type\":\"SearchAction\",\"target\":{\"@type\":\"EntryPoint\",\"urlTemplate\":\"https:\/\/zum-pleitegeier.de\/es\/?s={search_term_string}\"},\"query-input\":{\"@type\":\"PropertyValueSpecification\",\"valueRequired\":true,\"valueName\":\"search_term_string\"}}],\"inLanguage\":\"es\"},{\"@type\":\"Organization\",\"@id\":\"https:\/\/zum-pleitegeier.de\/es\/#organization\",\"name\":\"Zum Pleitegeier\",\"url\":\"https:\/\/zum-pleitegeier.de\/es\/\",\"logo\":{\"@type\":\"ImageObject\",\"inLanguage\":\"es\",\"@id\":\"https:\/\/zum-pleitegeier.de\/es\/#\/schema\/logo\/image\/\",\"url\":\"https:\/\/zum-pleitegeier.de\/wp-content\/uploads\/2019\/04\/logo-pg.png\",\"contentUrl\":\"https:\/\/zum-pleitegeier.de\/wp-content\/uploads\/2019\/04\/logo-pg.png\",\"width\":243,\"height\":240,\"caption\":\"Zum Pleitegeier\"},\"image\":{\"@id\":\"https:\/\/zum-pleitegeier.de\/es\/#\/schema\/logo\/image\/\"},\"sameAs\":[\"https:\/\/www.facebook.com\/pleitegeier.erlangen\/\",\"https:\/\/www.instagram.com\/pleitegeier_erlangen\/\"]}]}<\/script>\n<!-- \/ Yoast SEO plugin. -->","yoast_head_json":{"title":"C\u00f3mo utilizar los widgets de GloriaFood - Zum Pleitegeier","robots":{"index":"index","follow":"follow","max-snippet":"max-snippet:-1","max-image-preview":"max-image-preview:large","max-video-preview":"max-video-preview:-1"},"canonical":"https:\/\/zum-pleitegeier.de\/es\/como-utilizar-los-widgets-de-gloriafood\/","og_locale":"es_ES","og_type":"article","og_title":"C\u00f3mo utilizar los widgets de GloriaFood - Zum Pleitegeier","og_description":"C\u00f3mo utilizar los widgets de GloriaFood Comencemos agregando el bot\u00f3n de ordenar Ahora agreguemos un bot\u00f3n de Reserva Finalmente agreguemos el widget de men\u00fa","og_url":"https:\/\/zum-pleitegeier.de\/es\/como-utilizar-los-widgets-de-gloriafood\/","og_site_name":"Zum Pleitegeier","article_publisher":"https:\/\/www.facebook.com\/pleitegeier.erlangen\/","article_modified_time":"2021-11-22T13:33:35+00:00","twitter_card":"summary_large_image","schema":{"@context":"https:\/\/schema.org","@graph":[{"@type":"WebPage","@id":"https:\/\/zum-pleitegeier.de\/es\/como-utilizar-los-widgets-de-gloriafood\/","url":"https:\/\/zum-pleitegeier.de\/es\/como-utilizar-los-widgets-de-gloriafood\/","name":"C\u00f3mo utilizar los widgets de GloriaFood - Zum Pleitegeier","isPartOf":{"@id":"https:\/\/zum-pleitegeier.de\/es\/#website"},"datePublished":"2021-11-22T13:33:34+00:00","dateModified":"2021-11-22T13:33:35+00:00","breadcrumb":{"@id":"https:\/\/zum-pleitegeier.de\/es\/como-utilizar-los-widgets-de-gloriafood\/#breadcrumb"},"inLanguage":"es","potentialAction":[{"@type":"ReadAction","target":["https:\/\/zum-pleitegeier.de\/es\/como-utilizar-los-widgets-de-gloriafood\/"]}]},{"@type":"BreadcrumbList","@id":"https:\/\/zum-pleitegeier.de\/es\/como-utilizar-los-widgets-de-gloriafood\/#breadcrumb","itemListElement":[{"@type":"ListItem","position":1,"name":"Startseite","item":"https:\/\/zum-pleitegeier.de\/es\/"},{"@type":"ListItem","position":2,"name":"C\u00f3mo utilizar los widgets de GloriaFood"}]},{"@type":"WebSite","@id":"https:\/\/zum-pleitegeier.de\/es\/#website","url":"https:\/\/zum-pleitegeier.de\/es\/","name":"Zum Pleitegeier","description":"","publisher":{"@id":"https:\/\/zum-pleitegeier.de\/es\/#organization"},"potentialAction":[{"@type":"SearchAction","target":{"@type":"EntryPoint","urlTemplate":"https:\/\/zum-pleitegeier.de\/es\/?s={search_term_string}"},"query-input":{"@type":"PropertyValueSpecification","valueRequired":true,"valueName":"search_term_string"}}],"inLanguage":"es"},{"@type":"Organization","@id":"https:\/\/zum-pleitegeier.de\/es\/#organization","name":"Zum Pleitegeier","url":"https:\/\/zum-pleitegeier.de\/es\/","logo":{"@type":"ImageObject","inLanguage":"es","@id":"https:\/\/zum-pleitegeier.de\/es\/#\/schema\/logo\/image\/","url":"https:\/\/zum-pleitegeier.de\/wp-content\/uploads\/2019\/04\/logo-pg.png","contentUrl":"https:\/\/zum-pleitegeier.de\/wp-content\/uploads\/2019\/04\/logo-pg.png","width":243,"height":240,"caption":"Zum Pleitegeier"},"image":{"@id":"https:\/\/zum-pleitegeier.de\/es\/#\/schema\/logo\/image\/"},"sameAs":["https:\/\/www.facebook.com\/pleitegeier.erlangen\/","https:\/\/www.instagram.com\/pleitegeier_erlangen\/"]}]}},"_links":{"self":[{"href":"https:\/\/zum-pleitegeier.de\/es\/wp-json\/wp\/v2\/pages\/2911","targetHints":{"allow":["GET"]}}],"collection":[{"href":"https:\/\/zum-pleitegeier.de\/es\/wp-json\/wp\/v2\/pages"}],"about":[{"href":"https:\/\/zum-pleitegeier.de\/es\/wp-json\/wp\/v2\/types\/page"}],"author":[{"embeddable":true,"href":"https:\/\/zum-pleitegeier.de\/es\/wp-json\/wp\/v2\/users\/1"}],"replies":[{"embeddable":true,"href":"https:\/\/zum-pleitegeier.de\/es\/wp-json\/wp\/v2\/comments?post=2911"}],"version-history":[{"count":2,"href":"https:\/\/zum-pleitegeier.de\/es\/wp-json\/wp\/v2\/pages\/2911\/revisions"}],"predecessor-version":[{"id":2913,"href":"https:\/\/zum-pleitegeier.de\/es\/wp-json\/wp\/v2\/pages\/2911\/revisions\/2913"}],"wp:attachment":[{"href":"https:\/\/zum-pleitegeier.de\/es\/wp-json\/wp\/v2\/media?parent=2911"}],"curies":[{"name":"wp","href":"https:\/\/api.w.org\/{rel}","templated":true}]}}