{"id":2943,"date":"2021-11-22T14:33:44","date_gmt":"2021-11-22T13:33:44","guid":{"rendered":"https:\/\/zum-pleitegeier.de\/imprimir\/"},"modified":"2021-11-22T14:33:46","modified_gmt":"2021-11-22T13:33:46","slug":"imprimir","status":"publish","type":"page","link":"https:\/\/zum-pleitegeier.de\/es\/imprimir\/","title":{"rendered":"imprimir"},"content":{"rendered":"<p>[vc_row][vc_column][vc_column_text]<\/p>\n<h1 class=\"font_0\"><a href=\"https:\/\/www.zum-pleitegeier.de\/rechtliches.html\" target=\"_blank\" rel=\"noopener undefined noreferrer\" data-content=\"https:\/\/www.zum-pleitegeier.de\/rechtliches.html\" data-type=\"external\">Legal \/ Pie de imprenta<\/a><\/h1>\n<p class=\"font_8\"><span class=\"color_13\">Seg\u00fan \u00a7 5 TMG:<\/span><\/p>\n<p>Elisabeth Xanthas<br \/>\nA los quebrados<br \/>\nHauptstrasse 100<br \/>\n91054 Erlangen<\/p>\n<p>Contacto:<br \/>\nTel\u00e9fono: 09131 207324<br \/>\nCorreo electr\u00f3nico: <a href=\"mailto:info@zum-pleitegeier.de\" target=\"_self\" rel=\"noopener noreferrer\" data-content=\"info@zum-pleitegeier.de\" data-type=\"mail\">info@zum-pleitegeier.de<\/a><\/p>\n<p>N\u00famero de identificaci\u00f3n fiscal: 216\/291\/00013<\/p>\n<p>Fuentes de las im\u00e1genes y gr\u00e1ficos utilizados:<br \/>\nColecci\u00f3n privada<br \/>\nempresa de movimiento, Erlangen<\/p>\n<p>Fuente: Creado por el generador de impresiones de e-recht24.de<br \/>\nDescargo de responsabilidad:<\/p>\n<p>Responsabilidad por el contenido<\/p>\n<p>Los contenidos de nuestras p\u00e1ginas fueron creados con mucho cuidado. Sin embargo, no podemos aceptar ninguna responsabilidad por la exactitud, integridad y actualidad del contenido. Como proveedor de servicios, estamos de acuerdo con la Secci\u00f3n 7 (1) TMG es responsable de su propio contenido en estas p\u00e1ginas de acuerdo con la ley general. De acuerdo con \u00a7\u00a7 8 a 10 TMG, como proveedor de servicios, no estamos obligados a monitorear la informaci\u00f3n de terceros transmitida o almacenada ni a investigar circunstancias que indiquen una actividad ilegal. Las obligaciones de eliminar o bloquear el uso de informaci\u00f3n de acuerdo con las leyes generales no se ven afectadas. Sin embargo, la responsabilidad a este respecto solo es posible a partir del momento en que tengamos conocimiento de una infracci\u00f3n legal espec\u00edfica. Tan pronto como tengamos conocimiento de dichas infracciones legales, eliminaremos este contenido de inmediato.<\/p>\n<p>Responsabilidad por enlaces<\/p>\n<p>Nuestra oferta contiene enlaces a sitios web externos de terceros sobre cuyo contenido no tenemos influencia. Por lo tanto, no podemos aceptar ninguna responsabilidad por este contenido de terceros. El respectivo proveedor u operador de las p\u00e1ginas es siempre responsable del contenido de las p\u00e1ginas enlazadas. Las p\u00e1ginas vinculadas se revisaron para detectar posibles infracciones legales en el momento en que se vincularon. No se encontr\u00f3 contenido ilegal en el momento en que se cre\u00f3 el enlace. Un control permanente del contenido de las p\u00e1ginas enlazadas no es razonable sin evidencia concreta de una violaci\u00f3n de la ley. Tan pronto como tengamos conocimiento de violaciones legales, eliminaremos dichos enlaces de inmediato.<\/p>\n<p>derechos de autor<\/p>\n<p>El contenido y las obras de estas p\u00e1ginas creadas por el operador del sitio web est\u00e1n sujetos a la ley de derechos de autor alemana. La reproducci\u00f3n, procesamiento, distribuci\u00f3n y cualquier tipo de explotaci\u00f3n fuera de los l\u00edmites de la ley de derechos de autor requieren el consentimiento por escrito del autor o creador respectivo. Las descargas y copias de este sitio web solo est\u00e1n permitidas para uso privado y no comercial. En la medida en que el contenido de este sitio no fue creado por el operador, se respetan los derechos de autor de terceros. En particular, los contenidos de terceros est\u00e1n marcados como tales. No obstante, si tiene conocimiento de una infracci\u00f3n de derechos de autor, le rogamos que nos lo notifique. Tan pronto como tengamos conocimiento de violaciones legales, eliminaremos dicho contenido de inmediato.<\/p>\n<p>[\/vc_column_text][\/vc_column][\/vc_row]<\/p>\n","protected":false},"excerpt":{"rendered":"<p>[vc_row][vc_column][vc_column_text] Legal \/ Pie de imprenta Seg\u00fan \u00a7 5 TMG: Elisabeth Xanthas A los quebrados Hauptstrasse 100 91054 Erlangen Contacto: Tel\u00e9fono: 09131 207324 Correo electr\u00f3nico: info@zum-pleitegeier.de N\u00famero de identificaci\u00f3n fiscal: 216\/291\/00013 Fuentes de las im\u00e1genes y gr\u00e1ficos utilizados: Colecci\u00f3n privada empresa de movimiento, Erlangen Fuente: Creado por el generador de impresiones de e-recht24.de Descargo de [&hellip;]<\/p>\n","protected":false},"author":1,"featured_media":0,"parent":0,"menu_order":0,"comment_status":"closed","ping_status":"closed","template":"","meta":{"footnotes":""},"class_list":["post-2943","page","type-page","status-publish","hentry"],"yoast_head":"<!-- This site is optimized with the Yoast SEO plugin v26.8 - https:\/\/yoast.com\/product\/yoast-seo-wordpress\/ -->\n<title>imprimir - Zum Pleitegeier<\/title>\n<meta name=\"robots\" content=\"index, follow, max-snippet:-1, max-image-preview:large, max-video-preview:-1\" \/>\n<link rel=\"canonical\" href=\"https:\/\/zum-pleitegeier.de\/es\/imprimir\/\" \/>\n<meta property=\"og:locale\" content=\"es_ES\" \/>\n<meta property=\"og:type\" content=\"article\" \/>\n<meta property=\"og:title\" content=\"imprimir - Zum Pleitegeier\" \/>\n<meta property=\"og:description\" content=\"[vc_row][vc_column][vc_column_text] Legal \/ Pie de imprenta Seg\u00fan \u00a7 5 TMG: Elisabeth Xanthas A los quebrados Hauptstrasse 100 91054 Erlangen Contacto: Tel\u00e9fono: 09131 207324 Correo electr\u00f3nico: info@zum-pleitegeier.de N\u00famero de identificaci\u00f3n fiscal: 216\/291\/00013 Fuentes de las im\u00e1genes y gr\u00e1ficos utilizados: Colecci\u00f3n privada empresa de movimiento, Erlangen Fuente: Creado por el generador de impresiones de e-recht24.de Descargo de [&hellip;]\" \/>\n<meta property=\"og:url\" content=\"https:\/\/zum-pleitegeier.de\/es\/imprimir\/\" \/>\n<meta property=\"og:site_name\" content=\"Zum Pleitegeier\" \/>\n<meta property=\"article:publisher\" content=\"https:\/\/www.facebook.com\/pleitegeier.erlangen\/\" \/>\n<meta property=\"article:modified_time\" content=\"2021-11-22T13:33:46+00:00\" \/>\n<meta name=\"twitter:card\" content=\"summary_large_image\" \/>\n<meta name=\"twitter:label1\" content=\"Tiempo de lectura\" \/>\n\t<meta name=\"twitter:data1\" content=\"2 minutos\" \/>\n<script type=\"application\/ld+json\" class=\"yoast-schema-graph\">{\"@context\":\"https:\/\/schema.org\",\"@graph\":[{\"@type\":\"WebPage\",\"@id\":\"https:\/\/zum-pleitegeier.de\/es\/imprimir\/\",\"url\":\"https:\/\/zum-pleitegeier.de\/es\/imprimir\/\",\"name\":\"imprimir - Zum Pleitegeier\",\"isPartOf\":{\"@id\":\"https:\/\/zum-pleitegeier.de\/es\/#website\"},\"datePublished\":\"2021-11-22T13:33:44+00:00\",\"dateModified\":\"2021-11-22T13:33:46+00:00\",\"breadcrumb\":{\"@id\":\"https:\/\/zum-pleitegeier.de\/es\/imprimir\/#breadcrumb\"},\"inLanguage\":\"es\",\"potentialAction\":[{\"@type\":\"ReadAction\",\"target\":[\"https:\/\/zum-pleitegeier.de\/es\/imprimir\/\"]}]},{\"@type\":\"BreadcrumbList\",\"@id\":\"https:\/\/zum-pleitegeier.de\/es\/imprimir\/#breadcrumb\",\"itemListElement\":[{\"@type\":\"ListItem\",\"position\":1,\"name\":\"Startseite\",\"item\":\"https:\/\/zum-pleitegeier.de\/es\/\"},{\"@type\":\"ListItem\",\"position\":2,\"name\":\"imprimir\"}]},{\"@type\":\"WebSite\",\"@id\":\"https:\/\/zum-pleitegeier.de\/es\/#website\",\"url\":\"https:\/\/zum-pleitegeier.de\/es\/\",\"name\":\"Zum Pleitegeier\",\"description\":\"\",\"publisher\":{\"@id\":\"https:\/\/zum-pleitegeier.de\/es\/#organization\"},\"potentialAction\":[{\"@type\":\"SearchAction\",\"target\":{\"@type\":\"EntryPoint\",\"urlTemplate\":\"https:\/\/zum-pleitegeier.de\/es\/?s={search_term_string}\"},\"query-input\":{\"@type\":\"PropertyValueSpecification\",\"valueRequired\":true,\"valueName\":\"search_term_string\"}}],\"inLanguage\":\"es\"},{\"@type\":\"Organization\",\"@id\":\"https:\/\/zum-pleitegeier.de\/es\/#organization\",\"name\":\"Zum Pleitegeier\",\"url\":\"https:\/\/zum-pleitegeier.de\/es\/\",\"logo\":{\"@type\":\"ImageObject\",\"inLanguage\":\"es\",\"@id\":\"https:\/\/zum-pleitegeier.de\/es\/#\/schema\/logo\/image\/\",\"url\":\"https:\/\/zum-pleitegeier.de\/wp-content\/uploads\/2019\/04\/logo-pg.png\",\"contentUrl\":\"https:\/\/zum-pleitegeier.de\/wp-content\/uploads\/2019\/04\/logo-pg.png\",\"width\":243,\"height\":240,\"caption\":\"Zum Pleitegeier\"},\"image\":{\"@id\":\"https:\/\/zum-pleitegeier.de\/es\/#\/schema\/logo\/image\/\"},\"sameAs\":[\"https:\/\/www.facebook.com\/pleitegeier.erlangen\/\",\"https:\/\/www.instagram.com\/pleitegeier_erlangen\/\"]}]}<\/script>\n<!-- \/ Yoast SEO plugin. -->","yoast_head_json":{"title":"imprimir - Zum Pleitegeier","robots":{"index":"index","follow":"follow","max-snippet":"max-snippet:-1","max-image-preview":"max-image-preview:large","max-video-preview":"max-video-preview:-1"},"canonical":"https:\/\/zum-pleitegeier.de\/es\/imprimir\/","og_locale":"es_ES","og_type":"article","og_title":"imprimir - Zum Pleitegeier","og_description":"[vc_row][vc_column][vc_column_text] Legal \/ Pie de imprenta Seg\u00fan \u00a7 5 TMG: Elisabeth Xanthas A los quebrados Hauptstrasse 100 91054 Erlangen Contacto: Tel\u00e9fono: 09131 207324 Correo electr\u00f3nico: info@zum-pleitegeier.de N\u00famero de identificaci\u00f3n fiscal: 216\/291\/00013 Fuentes de las im\u00e1genes y gr\u00e1ficos utilizados: Colecci\u00f3n privada empresa de movimiento, Erlangen Fuente: Creado por el generador de impresiones de e-recht24.de Descargo de [&hellip;]","og_url":"https:\/\/zum-pleitegeier.de\/es\/imprimir\/","og_site_name":"Zum Pleitegeier","article_publisher":"https:\/\/www.facebook.com\/pleitegeier.erlangen\/","article_modified_time":"2021-11-22T13:33:46+00:00","twitter_card":"summary_large_image","twitter_misc":{"Tiempo de lectura":"2 minutos"},"schema":{"@context":"https:\/\/schema.org","@graph":[{"@type":"WebPage","@id":"https:\/\/zum-pleitegeier.de\/es\/imprimir\/","url":"https:\/\/zum-pleitegeier.de\/es\/imprimir\/","name":"imprimir - Zum Pleitegeier","isPartOf":{"@id":"https:\/\/zum-pleitegeier.de\/es\/#website"},"datePublished":"2021-11-22T13:33:44+00:00","dateModified":"2021-11-22T13:33:46+00:00","breadcrumb":{"@id":"https:\/\/zum-pleitegeier.de\/es\/imprimir\/#breadcrumb"},"inLanguage":"es","potentialAction":[{"@type":"ReadAction","target":["https:\/\/zum-pleitegeier.de\/es\/imprimir\/"]}]},{"@type":"BreadcrumbList","@id":"https:\/\/zum-pleitegeier.de\/es\/imprimir\/#breadcrumb","itemListElement":[{"@type":"ListItem","position":1,"name":"Startseite","item":"https:\/\/zum-pleitegeier.de\/es\/"},{"@type":"ListItem","position":2,"name":"imprimir"}]},{"@type":"WebSite","@id":"https:\/\/zum-pleitegeier.de\/es\/#website","url":"https:\/\/zum-pleitegeier.de\/es\/","name":"Zum Pleitegeier","description":"","publisher":{"@id":"https:\/\/zum-pleitegeier.de\/es\/#organization"},"potentialAction":[{"@type":"SearchAction","target":{"@type":"EntryPoint","urlTemplate":"https:\/\/zum-pleitegeier.de\/es\/?s={search_term_string}"},"query-input":{"@type":"PropertyValueSpecification","valueRequired":true,"valueName":"search_term_string"}}],"inLanguage":"es"},{"@type":"Organization","@id":"https:\/\/zum-pleitegeier.de\/es\/#organization","name":"Zum Pleitegeier","url":"https:\/\/zum-pleitegeier.de\/es\/","logo":{"@type":"ImageObject","inLanguage":"es","@id":"https:\/\/zum-pleitegeier.de\/es\/#\/schema\/logo\/image\/","url":"https:\/\/zum-pleitegeier.de\/wp-content\/uploads\/2019\/04\/logo-pg.png","contentUrl":"https:\/\/zum-pleitegeier.de\/wp-content\/uploads\/2019\/04\/logo-pg.png","width":243,"height":240,"caption":"Zum Pleitegeier"},"image":{"@id":"https:\/\/zum-pleitegeier.de\/es\/#\/schema\/logo\/image\/"},"sameAs":["https:\/\/www.facebook.com\/pleitegeier.erlangen\/","https:\/\/www.instagram.com\/pleitegeier_erlangen\/"]}]}},"_links":{"self":[{"href":"https:\/\/zum-pleitegeier.de\/es\/wp-json\/wp\/v2\/pages\/2943","targetHints":{"allow":["GET"]}}],"collection":[{"href":"https:\/\/zum-pleitegeier.de\/es\/wp-json\/wp\/v2\/pages"}],"about":[{"href":"https:\/\/zum-pleitegeier.de\/es\/wp-json\/wp\/v2\/types\/page"}],"author":[{"embeddable":true,"href":"https:\/\/zum-pleitegeier.de\/es\/wp-json\/wp\/v2\/users\/1"}],"replies":[{"embeddable":true,"href":"https:\/\/zum-pleitegeier.de\/es\/wp-json\/wp\/v2\/comments?post=2943"}],"version-history":[{"count":2,"href":"https:\/\/zum-pleitegeier.de\/es\/wp-json\/wp\/v2\/pages\/2943\/revisions"}],"predecessor-version":[{"id":2948,"href":"https:\/\/zum-pleitegeier.de\/es\/wp-json\/wp\/v2\/pages\/2943\/revisions\/2948"}],"wp:attachment":[{"href":"https:\/\/zum-pleitegeier.de\/es\/wp-json\/wp\/v2\/media?parent=2943"}],"curies":[{"name":"wp","href":"https:\/\/api.w.org\/{rel}","templated":true}]}}